{"id":26,"date":"2021-03-10T11:37:16","date_gmt":"2021-03-10T11:37:16","guid":{"rendered":"https:\/\/janneko.fi\/?page_id=26"},"modified":"2022-09-28T10:25:26","modified_gmt":"2022-09-28T10:25:26","slug":"sahkoasennukset","status":"publish","type":"page","link":"https:\/\/janneko.fi\/?page_id=26","title":{"rendered":"S\u00e4hk\u00f6asennukset"},"content":{"rendered":"\n<p><strong>Janneko <\/strong>tekee vuosien kokemuksella ja ammattitaidolla kaikenlaisia s\u00e4hk\u00f6asennust\u00f6it\u00e4, niin yrityksille, kuin kotitalouksiinkin. Ty\u00f6ote on ammattitaitoinen ja asiakasl\u00e4ht\u00f6inen!<br>Olipa kyseess\u00e4 sitten <strong>uudisrakentaminen<\/strong>, tai vanhemman rakennuksen tai huoneiston<strong> remontointi<\/strong>, tai muuten tarvetta p\u00e4ivitt\u00e4\u00e4 s\u00e4hk\u00f6istyksi\u00e4, hommat hoituvat sutjakkaasti!<br><strong>Pihavalaistuksetkin<\/strong> onnistuu minikaivurin avulla suorittaa alusta loppuun saakka, eli pihankin valaistuksia suunniteltaessa, vain taivas, tai no ja ehk\u00e4 tontin rajat ovat rajana.<br><\/p>\n\n\n\n<figure class=\"wp-block-pullquote\"><blockquote><p>Kaipaako jokin nurkka viel\u00e4 pistorasiaa,<br>vai laitetaanko kaikki uusiksi?<br>Onko vanhat valaisinkytkimet kellastuneet tai vanhanaikaiset? Ent\u00e4p\u00e4 uuden lieden, tai kiukaan asennus?<br><br><strong>Laitetaan s\u00e4hk\u00f6t kuntoon!<\/strong><\/p><cite>ajanmukaiset ja kunnolla tehdyt s\u00e4hk\u00f6istykset ovat iso osa paloturvallisuutta.<\/cite><\/blockquote><\/figure>\n\n\n\n<blockquote class=\"wp-block-quote is-layout-flow wp-block-quote-is-layout-flow\"><p>S\u00e4hk\u00f6t\u00f6iden tuntihinta 50e\/h sis. Alv 24%<\/p><cite>Kysy rohkeasti tarjous ja suunnitellaan toteutusta yhdess\u00e4!<\/cite><\/blockquote>\n\n\n\n<figure class=\"wp-block-image size-large\"><img loading=\"lazy\" decoding=\"async\" width=\"1880\" height=\"1251\" src=\"https:\/\/janneko.fi\/wp-content\/uploads\/2021\/03\/pexels-photo-257736.jpeg\" alt=\"close up of telephone booth\" class=\"wp-image-90\" srcset=\"https:\/\/janneko.fi\/wp-content\/uploads\/2021\/03\/pexels-photo-257736.jpeg 1880w, https:\/\/janneko.fi\/wp-content\/uploads\/2021\/03\/pexels-photo-257736-300x200.jpeg 300w, https:\/\/janneko.fi\/wp-content\/uploads\/2021\/03\/pexels-photo-257736-1024x681.jpeg 1024w, https:\/\/janneko.fi\/wp-content\/uploads\/2021\/03\/pexels-photo-257736-768x511.jpeg 768w, https:\/\/janneko.fi\/wp-content\/uploads\/2021\/03\/pexels-photo-257736-1536x1022.jpeg 1536w, https:\/\/janneko.fi\/wp-content\/uploads\/2021\/03\/pexels-photo-257736-930x620.jpeg 930w\" sizes=\"auto, (max-width: 1880px) 100vw, 1880px\" \/><\/figure>\n\n\n\n<p><\/p>\n","protected":false},"excerpt":{"rendered":"<p>Janneko tekee vuosien kokemuksella ja ammattitaidolla kaikenlaisia s\u00e4hk\u00f6asennust\u00f6it\u00e4, niin yrityksille, kuin kotitalouksiinkin. Ty\u00f6ote on ammattitaitoinen ja asiakasl\u00e4ht\u00f6inen!Olipa kyseess\u00e4 sitten uudisrakentaminen, tai vanhemman rakennuksen tai huoneiston remontointi, tai muuten tarvetta p\u00e4ivitt\u00e4\u00e4 s\u00e4hk\u00f6istyksi\u00e4, hommat hoituvat sutjakkaasti!Pihavalaistuksetkin onnistuu minikaivurin avulla suorittaa alusta loppuun saakka, eli pihankin valaistuksia suunniteltaessa, vain taivas, tai no ja ehk\u00e4 tontin rajat ovat rajana.&hellip;&nbsp;<a href=\"https:\/\/janneko.fi\/?page_id=26\" class=\"\" rel=\"bookmark\">Lue lis\u00e4\u00e4 &raquo;<span class=\"screen-reader-text\">S\u00e4hk\u00f6asennukset<\/span><\/a><\/p>\n","protected":false},"author":1,"featured_media":0,"parent":0,"menu_order":0,"comment_status":"closed","ping_status":"closed","template":"","meta":{"neve_meta_sidebar":"","neve_meta_container":"","neve_meta_enable_content_width":"","neve_meta_content_width":0,"neve_meta_title_alignment":"","neve_meta_author_avatar":"","neve_post_elements_order":"","neve_meta_disable_header":"","neve_meta_disable_footer":"","neve_meta_disable_title":"","spay_email":"","footnotes":""},"class_list":["post-26","page","type-page","status-publish","hentry"],"yoast_head":"<!-- This site is optimized with the Yoast SEO plugin v15.9.1 - https:\/\/yoast.com\/wordpress\/plugins\/seo\/ -->\n<title>S\u00e4hk\u00f6asennukset -<\/title>\n<link rel=\"canonical\" href=\"https:\/\/janneko.fi\/?page_id=26\" \/>\n<meta property=\"og:locale\" content=\"fi_FI\" \/>\n<meta property=\"og:type\" content=\"article\" \/>\n<meta property=\"og:title\" content=\"S\u00e4hk\u00f6asennukset -\" \/>\n<meta property=\"og:description\" content=\"Janneko tekee vuosien kokemuksella ja ammattitaidolla kaikenlaisia s\u00e4hk\u00f6asennust\u00f6it\u00e4, niin yrityksille, kuin kotitalouksiinkin. Ty\u00f6ote on ammattitaitoinen ja asiakasl\u00e4ht\u00f6inen!Olipa kyseess\u00e4 sitten uudisrakentaminen, tai vanhemman rakennuksen tai huoneiston remontointi, tai muuten tarvetta p\u00e4ivitt\u00e4\u00e4 s\u00e4hk\u00f6istyksi\u00e4, hommat hoituvat sutjakkaasti!Pihavalaistuksetkin onnistuu minikaivurin avulla suorittaa alusta loppuun saakka, eli pihankin valaistuksia suunniteltaessa, vain taivas, tai no ja ehk\u00e4 tontin rajat ovat rajana.&hellip;&nbsp;Lue lis\u00e4\u00e4 &raquo;S\u00e4hk\u00f6asennukset\" \/>\n<meta property=\"og:url\" content=\"https:\/\/janneko.fi\/?page_id=26\" \/>\n<meta property=\"article:modified_time\" content=\"2022-09-28T10:25:26+00:00\" \/>\n<meta property=\"og:image\" content=\"https:\/\/janneko.fi\/wp-content\/uploads\/2021\/03\/pexels-photo-257736.jpeg\" \/>\n<meta name=\"twitter:card\" content=\"summary_large_image\" \/>\n<meta name=\"twitter:label1\" content=\"Est. reading time\">\n\t<meta name=\"twitter:data1\" content=\"1 minuutti\">\n<script type=\"application\/ld+json\" class=\"yoast-schema-graph\">{\"@context\":\"https:\/\/schema.org\",\"@graph\":[{\"@type\":\"WebSite\",\"@id\":\"https:\/\/janneko.fi\/#website\",\"url\":\"https:\/\/janneko.fi\/\",\"name\":\"\",\"description\":\"\",\"potentialAction\":[{\"@type\":\"SearchAction\",\"target\":\"https:\/\/janneko.fi\/?s={search_term_string}\",\"query-input\":\"required name=search_term_string\"}],\"inLanguage\":\"fi\"},{\"@type\":\"ImageObject\",\"@id\":\"https:\/\/janneko.fi\/?page_id=26#primaryimage\",\"inLanguage\":\"fi\",\"url\":\"https:\/\/janneko.fi\/wp-content\/uploads\/2021\/03\/pexels-photo-257736.jpeg\",\"width\":1880,\"height\":1251,\"caption\":\"Photo by Pixabay on Pexels.com\"},{\"@type\":\"WebPage\",\"@id\":\"https:\/\/janneko.fi\/?page_id=26#webpage\",\"url\":\"https:\/\/janneko.fi\/?page_id=26\",\"name\":\"S\\u00e4hk\\u00f6asennukset -\",\"isPartOf\":{\"@id\":\"https:\/\/janneko.fi\/#website\"},\"primaryImageOfPage\":{\"@id\":\"https:\/\/janneko.fi\/?page_id=26#primaryimage\"},\"datePublished\":\"2021-03-10T11:37:16+00:00\",\"dateModified\":\"2022-09-28T10:25:26+00:00\",\"breadcrumb\":{\"@id\":\"https:\/\/janneko.fi\/?page_id=26#breadcrumb\"},\"inLanguage\":\"fi\",\"potentialAction\":[{\"@type\":\"ReadAction\",\"target\":[\"https:\/\/janneko.fi\/?page_id=26\"]}]},{\"@type\":\"BreadcrumbList\",\"@id\":\"https:\/\/janneko.fi\/?page_id=26#breadcrumb\",\"itemListElement\":[{\"@type\":\"ListItem\",\"position\":1,\"item\":{\"@type\":\"WebPage\",\"@id\":\"https:\/\/janneko.fi\/\",\"url\":\"https:\/\/janneko.fi\/\",\"name\":\"Etusivu\"}},{\"@type\":\"ListItem\",\"position\":2,\"item\":{\"@type\":\"WebPage\",\"@id\":\"https:\/\/janneko.fi\/?page_id=26\",\"url\":\"https:\/\/janneko.fi\/?page_id=26\",\"name\":\"S\\u00e4hk\\u00f6asennukset\"}}]}]}<\/script>\n<!-- \/ Yoast SEO plugin. -->","_links":{"self":[{"href":"https:\/\/janneko.fi\/index.php?rest_route=\/wp\/v2\/pages\/26","targetHints":{"allow":["GET"]}}],"collection":[{"href":"https:\/\/janneko.fi\/index.php?rest_route=\/wp\/v2\/pages"}],"about":[{"href":"https:\/\/janneko.fi\/index.php?rest_route=\/wp\/v2\/types\/page"}],"author":[{"embeddable":true,"href":"https:\/\/janneko.fi\/index.php?rest_route=\/wp\/v2\/users\/1"}],"replies":[{"embeddable":true,"href":"https:\/\/janneko.fi\/index.php?rest_route=%2Fwp%2Fv2%2Fcomments&post=26"}],"version-history":[{"count":7,"href":"https:\/\/janneko.fi\/index.php?rest_route=\/wp\/v2\/pages\/26\/revisions"}],"predecessor-version":[{"id":148,"href":"https:\/\/janneko.fi\/index.php?rest_route=\/wp\/v2\/pages\/26\/revisions\/148"}],"wp:attachment":[{"href":"https:\/\/janneko.fi\/index.php?rest_route=%2Fwp%2Fv2%2Fmedia&parent=26"}],"curies":[{"name":"wp","href":"https:\/\/api.w.org\/{rel}","templated":true}]}}