{"id":27,"date":"2021-03-10T11:37:16","date_gmt":"2021-03-10T11:37:16","guid":{"rendered":"https:\/\/janneko.fi\/?page_id=27"},"modified":"2022-09-28T10:26:43","modified_gmt":"2022-09-28T10:26:43","slug":"pienkoneurakointi","status":"publish","type":"page","link":"https:\/\/janneko.fi\/?page_id=27","title":{"rendered":"Pienkoneurakointi"},"content":{"rendered":"\n<p><strong>Kaivuuty\u00f6t hoitaa Volvo ec35. <\/strong>T\u00e4m\u00e4 Volvo on kompakti pieni kaivinkone kokonsa ja tehojensa puolesta.<br>T\u00e4m\u00e4 pirte\u00e4 keltainen komistus toimii kaverina niin s\u00e4hk\u00f6asennust\u00f6iss\u00e4 kaapelien kaivuussa, kuin my\u00f6s pihan muokkauksessa ja pieniss\u00e4 pohjat\u00f6iss\u00e4kin.<\/p>\n\n\n\n<blockquote class=\"wp-block-quote is-layout-flow wp-block-quote-is-layout-flow\"><p>Kaivinkonety\u00f6n tuntihinta 50e\/h + ALV 24%<\/p><cite><a href=\"https:\/\/janneko.fi\/?page_id=29\">Kysy rohkeasti tarjous!<\/a><\/cite><\/blockquote>\n\n\n\n<figure class=\"wp-block-image size-large\"><img loading=\"lazy\" decoding=\"async\" width=\"768\" height=\"1024\" src=\"https:\/\/janneko.fi\/wp-content\/uploads\/2021\/04\/kaivinkone-768x1024.jpg\" alt=\"\" class=\"wp-image-130\" srcset=\"https:\/\/janneko.fi\/wp-content\/uploads\/2021\/04\/kaivinkone-768x1024.jpg 768w, https:\/\/janneko.fi\/wp-content\/uploads\/2021\/04\/kaivinkone-225x300.jpg 225w, https:\/\/janneko.fi\/wp-content\/uploads\/2021\/04\/kaivinkone-1152x1536.jpg 1152w, https:\/\/janneko.fi\/wp-content\/uploads\/2021\/04\/kaivinkone.jpg 1200w\" sizes=\"auto, (max-width: 768px) 100vw, 768px\" \/><\/figure>\n","protected":false},"excerpt":{"rendered":"<p>Kaivuuty\u00f6t hoitaa Volvo ec35. T\u00e4m\u00e4 Volvo on kompakti pieni kaivinkone kokonsa ja tehojensa puolesta.T\u00e4m\u00e4 pirte\u00e4 keltainen komistus toimii kaverina niin s\u00e4hk\u00f6asennust\u00f6iss\u00e4 kaapelien kaivuussa, kuin my\u00f6s pihan muokkauksessa ja pieniss\u00e4 pohjat\u00f6iss\u00e4kin. Kaivinkonety\u00f6n tuntihinta 50e\/h + ALV 24% Kysy rohkeasti tarjous!<\/p>\n","protected":false},"author":1,"featured_media":0,"parent":0,"menu_order":0,"comment_status":"closed","ping_status":"closed","template":"","meta":{"neve_meta_sidebar":"","neve_meta_container":"","neve_meta_enable_content_width":"","neve_meta_content_width":0,"neve_meta_title_alignment":"","neve_meta_author_avatar":"","neve_post_elements_order":"","neve_meta_disable_header":"","neve_meta_disable_footer":"","neve_meta_disable_title":"","spay_email":"","footnotes":""},"class_list":["post-27","page","type-page","status-publish","hentry"],"yoast_head":"<!-- This site is optimized with the Yoast SEO plugin v15.9.1 - https:\/\/yoast.com\/wordpress\/plugins\/seo\/ -->\n<title>Pienkoneurakointi -<\/title>\n<meta name=\"description\" content=\"Kaivuuty\u00f6t hoitaa Volvo ec35. T\u00e4m\u00e4 Volvo on kompakti pieni kaivinkone kokonsa ja tehojensa puolesta.T\u00e4m\u00e4 pirte\u00e4 keltainen komistus toimii kaverina niin s\u00e4hk\u00f6asennust\u00f6iss\u00e4 kaapelien kaivuussa, kuin my\u00f6s pihan muokkauksessa ja pieniss\u00e4 pohjat\u00f6iss\u00e4kin.\" \/>\n<link rel=\"canonical\" href=\"https:\/\/janneko.fi\/?page_id=27\" \/>\n<meta property=\"og:locale\" content=\"fi_FI\" \/>\n<meta property=\"og:type\" content=\"article\" \/>\n<meta property=\"og:title\" content=\"Pienkoneurakointi -\" \/>\n<meta property=\"og:description\" content=\"Kaivuuty\u00f6t hoitaa Volvo ec35. T\u00e4m\u00e4 Volvo on kompakti pieni kaivinkone kokonsa ja tehojensa puolesta.T\u00e4m\u00e4 pirte\u00e4 keltainen komistus toimii kaverina niin s\u00e4hk\u00f6asennust\u00f6iss\u00e4 kaapelien kaivuussa, kuin my\u00f6s pihan muokkauksessa ja pieniss\u00e4 pohjat\u00f6iss\u00e4kin.\" \/>\n<meta property=\"og:url\" content=\"https:\/\/janneko.fi\/?page_id=27\" \/>\n<meta property=\"article:modified_time\" content=\"2022-09-28T10:26:43+00:00\" \/>\n<meta property=\"og:image\" content=\"https:\/\/janneko.fi\/wp-content\/uploads\/2021\/04\/kaivinkone-768x1024.jpg\" \/>\n<meta name=\"twitter:card\" content=\"summary_large_image\" \/>\n<meta name=\"twitter:label1\" content=\"Est. reading time\">\n\t<meta name=\"twitter:data1\" content=\"1 minuutti\">\n<script type=\"application\/ld+json\" class=\"yoast-schema-graph\">{\"@context\":\"https:\/\/schema.org\",\"@graph\":[{\"@type\":\"WebSite\",\"@id\":\"https:\/\/janneko.fi\/#website\",\"url\":\"https:\/\/janneko.fi\/\",\"name\":\"\",\"description\":\"\",\"potentialAction\":[{\"@type\":\"SearchAction\",\"target\":\"https:\/\/janneko.fi\/?s={search_term_string}\",\"query-input\":\"required name=search_term_string\"}],\"inLanguage\":\"fi\"},{\"@type\":\"ImageObject\",\"@id\":\"https:\/\/janneko.fi\/?page_id=27#primaryimage\",\"inLanguage\":\"fi\",\"url\":\"https:\/\/janneko.fi\/wp-content\/uploads\/2021\/04\/kaivinkone.jpg\",\"width\":1200,\"height\":1600},{\"@type\":\"WebPage\",\"@id\":\"https:\/\/janneko.fi\/?page_id=27#webpage\",\"url\":\"https:\/\/janneko.fi\/?page_id=27\",\"name\":\"Pienkoneurakointi -\",\"isPartOf\":{\"@id\":\"https:\/\/janneko.fi\/#website\"},\"primaryImageOfPage\":{\"@id\":\"https:\/\/janneko.fi\/?page_id=27#primaryimage\"},\"datePublished\":\"2021-03-10T11:37:16+00:00\",\"dateModified\":\"2022-09-28T10:26:43+00:00\",\"description\":\"Kaivuuty\\u00f6t hoitaa Volvo ec35. T\\u00e4m\\u00e4 Volvo on kompakti pieni kaivinkone kokonsa ja tehojensa puolesta.T\\u00e4m\\u00e4 pirte\\u00e4 keltainen komistus toimii kaverina niin s\\u00e4hk\\u00f6asennust\\u00f6iss\\u00e4 kaapelien kaivuussa, kuin my\\u00f6s pihan muokkauksessa ja pieniss\\u00e4 pohjat\\u00f6iss\\u00e4kin.\",\"breadcrumb\":{\"@id\":\"https:\/\/janneko.fi\/?page_id=27#breadcrumb\"},\"inLanguage\":\"fi\",\"potentialAction\":[{\"@type\":\"ReadAction\",\"target\":[\"https:\/\/janneko.fi\/?page_id=27\"]}]},{\"@type\":\"BreadcrumbList\",\"@id\":\"https:\/\/janneko.fi\/?page_id=27#breadcrumb\",\"itemListElement\":[{\"@type\":\"ListItem\",\"position\":1,\"item\":{\"@type\":\"WebPage\",\"@id\":\"https:\/\/janneko.fi\/\",\"url\":\"https:\/\/janneko.fi\/\",\"name\":\"Etusivu\"}},{\"@type\":\"ListItem\",\"position\":2,\"item\":{\"@type\":\"WebPage\",\"@id\":\"https:\/\/janneko.fi\/?page_id=27\",\"url\":\"https:\/\/janneko.fi\/?page_id=27\",\"name\":\"Pienkoneurakointi\"}}]}]}<\/script>\n<!-- \/ Yoast SEO plugin. -->","_links":{"self":[{"href":"https:\/\/janneko.fi\/index.php?rest_route=\/wp\/v2\/pages\/27","targetHints":{"allow":["GET"]}}],"collection":[{"href":"https:\/\/janneko.fi\/index.php?rest_route=\/wp\/v2\/pages"}],"about":[{"href":"https:\/\/janneko.fi\/index.php?rest_route=\/wp\/v2\/types\/page"}],"author":[{"embeddable":true,"href":"https:\/\/janneko.fi\/index.php?rest_route=\/wp\/v2\/users\/1"}],"replies":[{"embeddable":true,"href":"https:\/\/janneko.fi\/index.php?rest_route=%2Fwp%2Fv2%2Fcomments&post=27"}],"version-history":[{"count":8,"href":"https:\/\/janneko.fi\/index.php?rest_route=\/wp\/v2\/pages\/27\/revisions"}],"predecessor-version":[{"id":149,"href":"https:\/\/janneko.fi\/index.php?rest_route=\/wp\/v2\/pages\/27\/revisions\/149"}],"wp:attachment":[{"href":"https:\/\/janneko.fi\/index.php?rest_route=%2Fwp%2Fv2%2Fmedia&parent=27"}],"curies":[{"name":"wp","href":"https:\/\/api.w.org\/{rel}","templated":true}]}}