{"id":28,"date":"2021-03-10T11:37:16","date_gmt":"2021-03-10T11:37:16","guid":{"rendered":"https:\/\/janneko.fi\/?page_id=28"},"modified":"2021-08-26T06:23:50","modified_gmt":"2021-08-26T06:23:50","slug":"autotyot","status":"publish","type":"page","link":"https:\/\/janneko.fi\/?page_id=28","title":{"rendered":"Autoty\u00f6t"},"content":{"rendered":"\n<p>Jannelta l\u00f6ytyy osaamista my\u00f6s autojen huollosta ja pienist\u00e4 korjaust\u00f6ist\u00e4. <br>Tarvittaessa tarvittavien osien hankintakin onnistuu kauttani.<br><\/p>\n\n\n\n<ul class=\"wp-block-list\"><li>\u00d6ljynvaihdot<\/li><li>Ajovalopolttimoiden vaihdot<\/li><li>Jarruremontit<\/li><li>Hitsausty\u00f6t<\/li><\/ul>\n\n\n\n<blockquote class=\"wp-block-quote is-layout-flow wp-block-quote-is-layout-flow\"><p>Autot\u00f6iden tuntihinta 46,50e\/h sis. alv 24%<\/p><cite><a href=\"https:\/\/janneko.fi\/?page_id=29\">Kysy rohkeasti lis\u00e4\u00e4!<\/a><\/cite><\/blockquote>\n\n\n\n<figure class=\"wp-block-image size-large\"><img loading=\"lazy\" decoding=\"async\" width=\"768\" height=\"1024\" src=\"https:\/\/janneko.fi\/wp-content\/uploads\/2021\/08\/PicsArt_07-23-03.20.305579-768x1024.jpg\" alt=\"\" class=\"wp-image-144\" srcset=\"https:\/\/janneko.fi\/wp-content\/uploads\/2021\/08\/PicsArt_07-23-03.20.305579-768x1024.jpg 768w, https:\/\/janneko.fi\/wp-content\/uploads\/2021\/08\/PicsArt_07-23-03.20.305579-225x300.jpg 225w, https:\/\/janneko.fi\/wp-content\/uploads\/2021\/08\/PicsArt_07-23-03.20.305579-1152x1536.jpg 1152w, https:\/\/janneko.fi\/wp-content\/uploads\/2021\/08\/PicsArt_07-23-03.20.305579-1536x2048.jpg 1536w, https:\/\/janneko.fi\/wp-content\/uploads\/2021\/08\/PicsArt_07-23-03.20.305579-scaled.jpg 1920w\" sizes=\"auto, (max-width: 768px) 100vw, 768px\" \/><\/figure>\n","protected":false},"excerpt":{"rendered":"<p>Jannelta l\u00f6ytyy osaamista my\u00f6s autojen huollosta ja pienist\u00e4 korjaust\u00f6ist\u00e4. Tarvittaessa tarvittavien osien hankintakin onnistuu kauttani. \u00d6ljynvaihdot Ajovalopolttimoiden vaihdot Jarruremontit Hitsausty\u00f6t Autot\u00f6iden tuntihinta 46,50e\/h sis. alv 24% Kysy rohkeasti lis\u00e4\u00e4!<\/p>\n","protected":false},"author":1,"featured_media":0,"parent":0,"menu_order":0,"comment_status":"closed","ping_status":"closed","template":"","meta":{"neve_meta_sidebar":"","neve_meta_container":"","neve_meta_enable_content_width":"","neve_meta_content_width":0,"neve_meta_title_alignment":"","neve_meta_author_avatar":"","neve_post_elements_order":"","neve_meta_disable_header":"","neve_meta_disable_footer":"","neve_meta_disable_title":"","spay_email":"","footnotes":""},"class_list":["post-28","page","type-page","status-publish","hentry"],"yoast_head":"<!-- This site is optimized with the Yoast SEO plugin v15.9.1 - https:\/\/yoast.com\/wordpress\/plugins\/seo\/ -->\n<title>Autoty\u00f6t -<\/title>\n<link rel=\"canonical\" href=\"https:\/\/janneko.fi\/?page_id=28\" \/>\n<meta property=\"og:locale\" content=\"fi_FI\" \/>\n<meta property=\"og:type\" content=\"article\" \/>\n<meta property=\"og:title\" content=\"Autoty\u00f6t -\" \/>\n<meta property=\"og:description\" content=\"Jannelta l\u00f6ytyy osaamista my\u00f6s autojen huollosta ja pienist\u00e4 korjaust\u00f6ist\u00e4. Tarvittaessa tarvittavien osien hankintakin onnistuu kauttani. \u00d6ljynvaihdot Ajovalopolttimoiden vaihdot Jarruremontit Hitsausty\u00f6t Autot\u00f6iden tuntihinta 46,50e\/h sis. alv 24% Kysy rohkeasti lis\u00e4\u00e4!\" \/>\n<meta property=\"og:url\" content=\"https:\/\/janneko.fi\/?page_id=28\" \/>\n<meta property=\"article:modified_time\" content=\"2021-08-26T06:23:50+00:00\" \/>\n<meta property=\"og:image\" content=\"https:\/\/janneko.fi\/wp-content\/uploads\/2021\/08\/PicsArt_07-23-03.20.305579-768x1024.jpg\" \/>\n<meta name=\"twitter:card\" content=\"summary_large_image\" \/>\n<meta name=\"twitter:label1\" content=\"Est. reading time\">\n\t<meta name=\"twitter:data1\" content=\"1 minuutti\">\n<script type=\"application\/ld+json\" class=\"yoast-schema-graph\">{\"@context\":\"https:\/\/schema.org\",\"@graph\":[{\"@type\":\"WebSite\",\"@id\":\"https:\/\/janneko.fi\/#website\",\"url\":\"https:\/\/janneko.fi\/\",\"name\":\"\",\"description\":\"\",\"potentialAction\":[{\"@type\":\"SearchAction\",\"target\":\"https:\/\/janneko.fi\/?s={search_term_string}\",\"query-input\":\"required name=search_term_string\"}],\"inLanguage\":\"fi\"},{\"@type\":\"ImageObject\",\"@id\":\"https:\/\/janneko.fi\/?page_id=28#primaryimage\",\"inLanguage\":\"fi\",\"url\":\"https:\/\/janneko.fi\/wp-content\/uploads\/2021\/08\/PicsArt_07-23-03.20.305579-768x1024.jpg\"},{\"@type\":\"WebPage\",\"@id\":\"https:\/\/janneko.fi\/?page_id=28#webpage\",\"url\":\"https:\/\/janneko.fi\/?page_id=28\",\"name\":\"Autoty\\u00f6t -\",\"isPartOf\":{\"@id\":\"https:\/\/janneko.fi\/#website\"},\"primaryImageOfPage\":{\"@id\":\"https:\/\/janneko.fi\/?page_id=28#primaryimage\"},\"datePublished\":\"2021-03-10T11:37:16+00:00\",\"dateModified\":\"2021-08-26T06:23:50+00:00\",\"breadcrumb\":{\"@id\":\"https:\/\/janneko.fi\/?page_id=28#breadcrumb\"},\"inLanguage\":\"fi\",\"potentialAction\":[{\"@type\":\"ReadAction\",\"target\":[\"https:\/\/janneko.fi\/?page_id=28\"]}]},{\"@type\":\"BreadcrumbList\",\"@id\":\"https:\/\/janneko.fi\/?page_id=28#breadcrumb\",\"itemListElement\":[{\"@type\":\"ListItem\",\"position\":1,\"item\":{\"@type\":\"WebPage\",\"@id\":\"https:\/\/janneko.fi\/\",\"url\":\"https:\/\/janneko.fi\/\",\"name\":\"Etusivu\"}},{\"@type\":\"ListItem\",\"position\":2,\"item\":{\"@type\":\"WebPage\",\"@id\":\"https:\/\/janneko.fi\/?page_id=28\",\"url\":\"https:\/\/janneko.fi\/?page_id=28\",\"name\":\"Autoty\\u00f6t\"}}]}]}<\/script>\n<!-- \/ Yoast SEO plugin. -->","_links":{"self":[{"href":"https:\/\/janneko.fi\/index.php?rest_route=\/wp\/v2\/pages\/28","targetHints":{"allow":["GET"]}}],"collection":[{"href":"https:\/\/janneko.fi\/index.php?rest_route=\/wp\/v2\/pages"}],"about":[{"href":"https:\/\/janneko.fi\/index.php?rest_route=\/wp\/v2\/types\/page"}],"author":[{"embeddable":true,"href":"https:\/\/janneko.fi\/index.php?rest_route=\/wp\/v2\/users\/1"}],"replies":[{"embeddable":true,"href":"https:\/\/janneko.fi\/index.php?rest_route=%2Fwp%2Fv2%2Fcomments&post=28"}],"version-history":[{"count":9,"href":"https:\/\/janneko.fi\/index.php?rest_route=\/wp\/v2\/pages\/28\/revisions"}],"predecessor-version":[{"id":146,"href":"https:\/\/janneko.fi\/index.php?rest_route=\/wp\/v2\/pages\/28\/revisions\/146"}],"wp:attachment":[{"href":"https:\/\/janneko.fi\/index.php?rest_route=%2Fwp%2Fv2%2Fmedia&parent=28"}],"curies":[{"name":"wp","href":"https:\/\/api.w.org\/{rel}","templated":true}]}}