{"id":29,"date":"2021-03-10T11:37:16","date_gmt":"2021-03-10T11:37:16","guid":{"rendered":"https:\/\/janneko.fi\/?page_id=29"},"modified":"2021-03-12T18:16:37","modified_gmt":"2021-03-12T18:16:37","slug":"yhteystiedot","status":"publish","type":"page","link":"https:\/\/janneko.fi\/?page_id=29","title":{"rendered":"Yhteystiedot"},"content":{"rendered":"\n<p><strong>Soita tai laita viesti\u00e4 numeroon 045 1825669<br>Taikka tyrkk\u00e4\u00e4 s\u00e4hk\u00f6postia osoitteeseen <a href=\"mailto:janne.korpelainen@janneko.fi\" target=\"_blank\" rel=\"noreferrer noopener\">janne.korpelainen@janneko.fi<\/a><\/strong><br>Jannekon tukikohta sijaitsee Pohjois-Karjalassa Outokummussa.<\/p>\n\n\n\n<div class=\"wp-block-jetpack-send-a-message\">\n<div class=\"wp-block-jetpack-whatsapp-button is-color-dark\"><a class=\"whatsapp-block__button\" href=\"https:\/\/api.whatsapp.com\/send?phone=3580451825669&amp;text=Hi%2C%20I%20got%20your%20WhatsApp%20information%20from%20your%20website.\" style=\"background-color:#25D366;color:#fff\" target=\"_self\" rel=\"noopener noreferrer\">Whatsapp viesti\u00e4? Klikkaa t\u00e4st\u00e4!<\/a><\/div>\n<\/div>\n","protected":false},"excerpt":{"rendered":"<p>Soita tai laita viesti\u00e4 numeroon 045 1825669Taikka tyrkk\u00e4\u00e4 s\u00e4hk\u00f6postia osoitteeseen janne.korpelainen@janneko.fiJannekon tukikohta sijaitsee Pohjois-Karjalassa Outokummussa.<\/p>\n","protected":false},"author":1,"featured_media":0,"parent":0,"menu_order":0,"comment_status":"closed","ping_status":"closed","template":"","meta":{"neve_meta_sidebar":"","neve_meta_container":"","neve_meta_enable_content_width":"","neve_meta_content_width":0,"neve_meta_title_alignment":"","neve_meta_author_avatar":"","neve_post_elements_order":"","neve_meta_disable_header":"","neve_meta_disable_footer":"","neve_meta_disable_title":"","spay_email":"","footnotes":""},"class_list":["post-29","page","type-page","status-publish","hentry"],"yoast_head":"<!-- This site is optimized with the Yoast SEO plugin v15.9.1 - https:\/\/yoast.com\/wordpress\/plugins\/seo\/ -->\n<title>Yhteystiedot -<\/title>\n<meta name=\"description\" content=\"Puh. 045 1825669 janne.korpelainen@janneko.fi Ota rohkeasti yhteytt\u00e4 ja kysy lis\u00e4\u00e4!\" \/>\n<link rel=\"canonical\" href=\"https:\/\/janneko.fi\/?page_id=29\" \/>\n<meta property=\"og:locale\" content=\"fi_FI\" \/>\n<meta property=\"og:type\" content=\"article\" \/>\n<meta property=\"og:title\" content=\"Yhteystiedot -\" \/>\n<meta property=\"og:description\" content=\"Puh. 045 1825669 janne.korpelainen@janneko.fi Ota rohkeasti yhteytt\u00e4 ja kysy lis\u00e4\u00e4!\" \/>\n<meta property=\"og:url\" content=\"https:\/\/janneko.fi\/?page_id=29\" \/>\n<meta property=\"article:modified_time\" content=\"2021-03-12T18:16:37+00:00\" \/>\n<meta name=\"twitter:card\" content=\"summary_large_image\" \/>\n<meta name=\"twitter:label1\" content=\"Est. reading time\">\n\t<meta name=\"twitter:data1\" content=\"1 minuutti\">\n<script type=\"application\/ld+json\" class=\"yoast-schema-graph\">{\"@context\":\"https:\/\/schema.org\",\"@graph\":[{\"@type\":\"WebSite\",\"@id\":\"https:\/\/janneko.fi\/#website\",\"url\":\"https:\/\/janneko.fi\/\",\"name\":\"\",\"description\":\"\",\"potentialAction\":[{\"@type\":\"SearchAction\",\"target\":\"https:\/\/janneko.fi\/?s={search_term_string}\",\"query-input\":\"required name=search_term_string\"}],\"inLanguage\":\"fi\"},{\"@type\":\"WebPage\",\"@id\":\"https:\/\/janneko.fi\/?page_id=29#webpage\",\"url\":\"https:\/\/janneko.fi\/?page_id=29\",\"name\":\"Yhteystiedot -\",\"isPartOf\":{\"@id\":\"https:\/\/janneko.fi\/#website\"},\"datePublished\":\"2021-03-10T11:37:16+00:00\",\"dateModified\":\"2021-03-12T18:16:37+00:00\",\"description\":\"Puh. 045 1825669 janne.korpelainen@janneko.fi Ota rohkeasti yhteytt\\u00e4 ja kysy lis\\u00e4\\u00e4!\",\"breadcrumb\":{\"@id\":\"https:\/\/janneko.fi\/?page_id=29#breadcrumb\"},\"inLanguage\":\"fi\",\"potentialAction\":[{\"@type\":\"ReadAction\",\"target\":[\"https:\/\/janneko.fi\/?page_id=29\"]}]},{\"@type\":\"BreadcrumbList\",\"@id\":\"https:\/\/janneko.fi\/?page_id=29#breadcrumb\",\"itemListElement\":[{\"@type\":\"ListItem\",\"position\":1,\"item\":{\"@type\":\"WebPage\",\"@id\":\"https:\/\/janneko.fi\/\",\"url\":\"https:\/\/janneko.fi\/\",\"name\":\"Etusivu\"}},{\"@type\":\"ListItem\",\"position\":2,\"item\":{\"@type\":\"WebPage\",\"@id\":\"https:\/\/janneko.fi\/?page_id=29\",\"url\":\"https:\/\/janneko.fi\/?page_id=29\",\"name\":\"Yhteystiedot\"}}]}]}<\/script>\n<!-- \/ Yoast SEO plugin. -->","_links":{"self":[{"href":"https:\/\/janneko.fi\/index.php?rest_route=\/wp\/v2\/pages\/29","targetHints":{"allow":["GET"]}}],"collection":[{"href":"https:\/\/janneko.fi\/index.php?rest_route=\/wp\/v2\/pages"}],"about":[{"href":"https:\/\/janneko.fi\/index.php?rest_route=\/wp\/v2\/types\/page"}],"author":[{"embeddable":true,"href":"https:\/\/janneko.fi\/index.php?rest_route=\/wp\/v2\/users\/1"}],"replies":[{"embeddable":true,"href":"https:\/\/janneko.fi\/index.php?rest_route=%2Fwp%2Fv2%2Fcomments&post=29"}],"version-history":[{"count":6,"href":"https:\/\/janneko.fi\/index.php?rest_route=\/wp\/v2\/pages\/29\/revisions"}],"predecessor-version":[{"id":116,"href":"https:\/\/janneko.fi\/index.php?rest_route=\/wp\/v2\/pages\/29\/revisions\/116"}],"wp:attachment":[{"href":"https:\/\/janneko.fi\/index.php?rest_route=%2Fwp%2Fv2%2Fmedia&parent=29"}],"curies":[{"name":"wp","href":"https:\/\/api.w.org\/{rel}","templated":true}]}}